{"id":7,"date":"2025-05-09T07:51:38","date_gmt":"2025-05-09T07:51:38","guid":{"rendered":"https:\/\/gsrowing.org\/?page_id=7"},"modified":"2025-05-09T19:56:35","modified_gmt":"2025-05-09T19:56:35","slug":"front_page","status":"publish","type":"page","link":"https:\/\/gsrowing.org\/","title":{"rendered":"Home"},"content":{"rendered":"\n\n\n\nEn \u0130yi Bak\u0131m\n\n\n\n\n\n\u00c7ocuklar\u0131n\u0131z\u0131n en iyi bak\u0131m\u0131n\u0131 sa\u011flamak i\u00e7in buraday\u0131z.\n\n\n\n\u00c7ocuklar\u0131n\u0131z\u0131n geli\u015fimine uygun aktivite ve e\u011flence dolu bir ortam sunuyoruz. \u00d6zenle se\u00e7ilmi\u015f e\u011fitmenlerimizle \u00e7ocuklar\u0131n\u0131z\u0131n fiziksel, zihinsel ve duygusal ihtiya\u00e7lar\u0131n\u0131 kar\u015f\u0131l\u0131yoruz.\n\n\n\n\nDaha Fazla\n\n\n\n\n\n\n\n\n\n\n\n\n\n\nGeni\u015f bir Oyun Alan\u0131\n\n\n\n\n\nK\u00fc\u00e7\u00fck ya\u015ftaki \u00e7ocuklar\u0131m\u0131z\u0131n hayal g\u00fc\u00e7lerini geli\u015ftirmek i\u00e7in \u00f6zenle tasarlanan geni\u015f bir oyun alan\u0131m\u0131z var. Burada \u00e7ocuklar hem e\u011flenecekler hem de \u00f6\u011frenecekler.\n\n\n\n\n\n\n\n\n\nAktiviteler\n\n\n\n\u00c7ocuklar\u0131n\u0131z i\u00e7in e\u011flenceli ve \u00f6\u011fretici aktivitelerimiz ile onlar\u0131n yarat\u0131c\u0131l\u0131klar\u0131n\u0131 ve sosyal becerilerini geli\u015ftirmelerine yard\u0131mc\u0131 oluyoruz.\n\n\n\n\nDaha fazla bilgi\n\n\n\n\n\n\n\n\nE\u011fitim Programlar\u0131\n\n\n\nK\u00fc\u00e7\u00fck ya\u015ftaki \u00e7ocuklar\u0131n \u00f6\u011frenme potansiyelleri \u00e7ok y\u00fcksektir.\n\n\n\n\nDetayl\u0131 bilgi\n\n\n\n\n\n\n\n\nG\u00fclmeyi \u00d6\u011frenin\n\n\n\n\u00c7ocuklar\u0131m\u0131z i\u00e7in her t\u00fcrl\u00fc etkinli\u011fi d\u00fczenliyoruz ama en \u00f6nemlisi onlar\u0131n g\u00fclmeyi \u00f6\u011frenmesine olanak sa\u011flamakt\u0131r.\n\n\n\n\nBizimle Tan\u0131\u015f\u0131n\n\n\n\n\n\n\n\n\n\n\n\n\nE\u011flenceli \u00d6\u011frenme\n\n\n\n\n\nBuradaki amac\u0131m\u0131z, hem e\u011flenip hem de \u00f6\u011frenilebilecek bir ortam sunmakt\u0131r.\n\n\n\n\u00c7ocuklar\u0131n sosyal, zihinsel ve motor becerilerini destekleyen, e\u011flenceli ve e\u011fitici bir ortam haz\u0131rlamak i\u00e7in buraday\u0131z. \u00c7ocuklar\u0131m\u0131z\u0131n gelece\u011fine yat\u0131r\u0131m yapmak i\u00e7in m\u00fckemmel bir yer oldu\u011fumuzu d\u00fc\u015f\u00fcn\u00fcyoruz.\n\n\n\n\nKat\u0131l\u0131n\n\n\n\n\n\n\n\n\n\n\nGeli\u015fim Program\u0131\n\n\n\n\n\n\u00c7ocuklar\u0131n\u0131z\u0131n geli\u015fimi bizim \u00f6nceli\u011fimizdir. Gsrowing olarak, \u00e7ocuklar\u0131n\u0131z\u0131n geli\u015fimini destekleyen b\u00fct\u00fcnc\u00fcl bir program sunuyoruz.\n\n\n\nBu program, \u00e7ocuklar\u0131n\u0131z\u0131n dil, motor, sosyal ve duygusal becerilerini desteklemeyi ama\u00e7lamaktad\u0131r. Her aktivite ve oyun bu ama\u00e7 do\u011frultusunda tasarlanm\u0131\u015ft\u0131r.\n\n\n\n\nDetaylar\n\n\n\n\n\n\n\n\n\n\n\n\nNeden Biz?\n\n\n\n\n\nBizimle neden \u00e7al\u0131\u015fmal\u0131s\u0131n\u0131z?\n\n\n\n\n\n\n\n\n\n\n\nUzman ve Sevgi Dolu E\u011fitmenler\n\n\n\n\u00c7ocuklar\u0131m\u0131z\u0131n e\u011fitim ve g\u00fcvenli\u011fi bizim \u00f6nceli\u011fimizdir. Uzman e\u011fitmenlerimiz \u00e7ocuklar\u0131n\u0131z\u0131n geli\u015fimini desteklemek i\u00e7in haz\u0131rd\u0131r.\n\n\n\n\n\n\n\nE\u011flenceli ve \u00d6\u011fretici Aktiviteler\n\n\n\n\u00c7ocuklar\u0131n\u0131z\u0131n sadece e\u011flenmesini de\u011fil, ayn\u0131 zamanda \u00f6\u011frenmesini de sa\u011flamak i\u00e7in e\u011flenceli ve \u00f6\u011fretici aktivite se\u00e7enekleri sunuyoruz.\n\n\n\n\n\n\n\n\u0130htiyaca Uygun Hizmetler\n\n\n\n\u00c7ocuklar\u0131n\u0131z\u0131n ya\u015f\u0131na ve ihtiyac\u0131na uygun hizmetlerimiz ve se\u00e7eneklerimiz aras\u0131ndan diledi\u011finizi se\u00e7ebilirsiniz.\n\n\n\n\n\n\n\n\n\n\n\nGe\u00e7mi\u015f Projelerimiz\n\n\n\n\n\nGe\u00e7mi\u015f projelerimiz ile memnun m\u00fc\u015fterilerimizi sunuyoruz.\n\n\n\n\n\n\n\n\n\n\n\n\n\n\n\n\n\n\n\n\n\n\n\n\n\n\n\nM\u00fc\u015fteri Yorumlar\u0131\n\n\n\n\n\nM\u00fc\u015fterilerimizin memnuniyetinden gurur duyuyoruz.\n\n\n\n\n\n\n\n\n\nHer g\u00fcn buraya getirmekten \u00e7ok mutluyum, \u00e7\u00fcnk\u00fc \u00e7ocu\u011fum burada \u00e7ok iyi bak\u0131l\u0131yor.\n\n\n\n\u00c7ok Mutluyuz\n\n\n\n\n\n\n\n\n\n\u00c7ocu\u011fum burada harika bir e\u011fitim al\u0131yor, okula ba\u015flad\u0131\u011f\u0131nda \u00e7ok iyi haz\u0131rlanm\u0131\u015f olacak.\n\n\n\nHarika E\u011fitim\n\n\n\n\n\n\n\n\n\n\u00c7ocu\u011fum burada \u00e7ok iyi arkada\u015flar edindi ve her g\u00fcn mutlu bir \u015fekilde eve d\u00f6n\u00fcyor.\n\n\n\nMuhte\u015fem Deneyim\n\n\n\n\n\n\n\n\n\n\n\n\u00c7ocu\u011funuzun g\u00fcl\u00fcmsemesini\n\n\n\nG\u00f6rmek istiyoruz.\n\n\n\n\nG\u00fcl\u00fcmse\n\n\n\n\n\n\n\n\n\n\nGsrowing Ekibi\n\n\n\n\n\n\u00c7ocuklar\u0131 seven ve onlarla ilgilenen bir ekibiz.\n\n\n\n\n\n\n\n\n\nEkip \u00dcyesi 1\n\n\n\nG\u00fcl\u015fen Arslan\n\n\n\n\n\n\n\n\n\n\n\n\n\n\n\nEkip \u00dcyesi 2\n\n\n\nAhmet Y\u0131lmaz\n\n\n\n\n\n\n\n\n\n\n\n\n\n\n\nEkip \u00dcyesi 3\n\n\n\nAy\u015fe \u00c7elik\n\n\n\n\n\n\n\n\n\n\n\n\n\n\n\n\n\nDeneyim ve Say\u0131lar\n\n\n\n\n\nY\u0131llar\u0131n verdi\u011fi deneyim ile say\u0131s\u0131z mutlu \u00e7ocuk\n\n\n\n\n\n\n\nY\u0131ll\u0131k \u00d6\u011frenci Say\u0131s\u0131\n\n\n\n10000\n\n\n\n\n\nMemnun Veli Say\u0131s\u0131\n\n\n\n5000K\n\n\n\n\n\nE\u011fitmen Say\u0131s\u0131\n\n\n\n200\n\n\n\n\n\nA\u00e7\u0131k Y\u0131l Say\u0131s\u0131\n\n\n\n10\n\n\n\n\n\n\n\n\n\nG\u00fcncel Blog Yaz\u0131lar\u0131\n\n\n\n\n\n\n\n\n\n\n\n\n\n\n\n\n\n\n\n\n\n\n\n\nRead more\n\n\n\n\n\n\n\n\n\n\n\n\n\n\n\n\nBize Ula\u015f\u0131n\n\n\n\n\n\nBize ula\u015f\u0131n ve \u00e7ocu\u011funuz i\u00e7in en iyi bak\u0131m\u0131 sa\u011flayal\u0131m. \u00c7ocu\u011funuzun \u00f6\u011frenme ve mutlulu\u011fu bizim \u00f6nceli\u011fimizdir.\n\n\n\n\n+1 234 567 890\n\n\n\nemail@example.com\n\n\n\n123, Main Street, City, Country\n\n\n\n\n\n\n\n\n","protected":false},"excerpt":{"rendered":"","protected":false},"author":1,"featured_media":115,"parent":0,"menu_order":0,"comment_status":"closed","ping_status":"closed","template":"","meta":{"footnotes":""},"class_list":["post-7","page","type-page","status-publish","has-post-thumbnail","hentry"],"_links":{"self":[{"href":"https:\/\/gsrowing.org\/index.php?rest_route=\/wp\/v2\/pages\/7","targetHints":{"allow":["GET"]}}],"collection":[{"href":"https:\/\/gsrowing.org\/index.php?rest_route=\/wp\/v2\/pages"}],"about":[{"href":"https:\/\/gsrowing.org\/index.php?rest_route=\/wp\/v2\/types\/page"}],"author":[{"embeddable":true,"href":"https:\/\/gsrowing.org\/index.php?rest_route=\/wp\/v2\/users\/1"}],"replies":[{"embeddable":true,"href":"https:\/\/gsrowing.org\/index.php?rest_route=%2Fwp%2Fv2%2Fcomments&post=7"}],"version-history":[{"count":3,"href":"https:\/\/gsrowing.org\/index.php?rest_route=\/wp\/v2\/pages\/7\/revisions"}],"predecessor-version":[{"id":118,"href":"https:\/\/gsrowing.org\/index.php?rest_route=\/wp\/v2\/pages\/7\/revisions\/118"}],"wp:featuredmedia":[{"embeddable":true,"href":"https:\/\/gsrowing.org\/index.php?rest_route=\/wp\/v2\/media\/115"}],"wp:attachment":[{"href":"https:\/\/gsrowing.org\/index.php?rest_route=%2Fwp%2Fv2%2Fmedia&parent=7"}],"curies":[{"name":"wp","href":"https:\/\/api.w.org\/{rel}","templated":true}]}}